{"id":6086,"date":"2020-01-03T08:58:35","date_gmt":"2020-01-03T07:58:35","guid":{"rendered":"https:\/\/tplust.pl\/kursy-jezykowe-zagranica\/?page_id=6086"},"modified":"2020-03-12T07:42:45","modified_gmt":"2020-03-12T06:42:45","slug":"obozy-mlodziezowe","status":"publish","type":"page","link":"https:\/\/tplust.pl\/kursy-jezykowe-zagranica\/obozy-mlodziezowe\/","title":{"rendered":"Obozy m\u0142odzie\u017cowe"},"content":{"rendered":"<div class=\"wpb-content-wrapper\"><p>[vc_row el_class=&#8221;tagi-container&#8221;][vc_column][vc_wp_tagcloud title=&#8221;&#8221; taxonomy=&#8221;post_tag&#8221; el_class=&#8221;oferty-tagi&#8221;][\/vc_column][\/vc_row][vc_row][vc_column][vc_raw_html]JTVCbGlzdGFfb2ZlcnQlMjBjYXRlZ29yeSUzRCUyMk9ib3p5JTIwbSVDNSU4Mm9kemllJUM1JUJDb3dlJTIyJTVEJTBBJTVCbGlzdGFfb2ZlcnQlMjBjYXRlZ29yeSUzRCUyMkt1cnN5JTIwbSVDNSU4Mm9kemllJUM1JUJDb3dlJTIwcHJlbWl1bSUyMiU1RA==[\/vc_raw_html][\/vc_column][\/vc_row]<\/p>\n<\/div>","protected":false},"excerpt":{"rendered":"<p>[vc_row el_class=&#8221;tagi-container&#8221;][vc_column][vc_wp_tagcloud title=&#8221;&#8221; taxonomy=&#8221;post_tag&#8221; el_class=&#8221;oferty-tagi&#8221;][\/vc_column][\/vc_row][vc_row][vc_column][vc_raw_html]JTVCbGlzdGFfb2ZlcnQlMjBjYXRlZ29yeSUzRCUyMk9ib3p5JTIwbSVDNSU4Mm9kemllJUM1JUJDb3dlJTIyJTVEJTBBJTVCbGlzdGFfb2ZlcnQlMjBjYXRlZ29yeSUzRCUyMkt1cnN5JTIwbSVDNSU4Mm9kemllJUM1JUJDb3dlJTIwcHJlbWl1bSUyMiU1RA==[\/vc_raw_html][\/vc_column][\/vc_row]<\/p>\n","protected":false},"author":6,"featured_media":0,"parent":0,"menu_order":0,"comment_status":"closed","ping_status":"closed","template":"","meta":[],"yoast_head":"<!-- This site is optimized with the Yoast SEO plugin v19.14 - https:\/\/yoast.com\/wordpress\/plugins\/seo\/ -->\n<title>Obozy m\u0142odzie\u017cowe | TplusT - Kursy i obozy j\u0119zykowe za granic\u0105<\/title>\n<meta name=\"description\" content=\"Organizujemy indywidualne wyjazdy za granic\u0119 na obozy j\u0119zykowe dla m\u0142odzie\u017cy. Wy\u0142\u0105cznie sprawdzone szko\u0142y. Zobacz przyk\u0142adow\u0105 ofert\u0119 oboz\u00f3w m\u0142odzie\u017cowych.\" \/>\n<meta name=\"robots\" content=\"index, follow, max-snippet:-1, max-image-preview:large, max-video-preview:-1\" \/>\n<link rel=\"canonical\" href=\"https:\/\/tplust.pl\/kursy-jezykowe-zagranica\/obozy-mlodziezowe\/\" \/>\n<meta property=\"og:locale\" content=\"pl_PL\" \/>\n<meta property=\"og:type\" content=\"article\" \/>\n<meta property=\"og:title\" content=\"Obozy m\u0142odzie\u017cowe | TplusT - Kursy i obozy j\u0119zykowe za granic\u0105\" \/>\n<meta property=\"og:description\" content=\"Organizujemy indywidualne wyjazdy za granic\u0119 na obozy j\u0119zykowe dla m\u0142odzie\u017cy. Wy\u0142\u0105cznie sprawdzone szko\u0142y. Zobacz przyk\u0142adow\u0105 ofert\u0119 oboz\u00f3w m\u0142odzie\u017cowych.\" \/>\n<meta property=\"og:url\" content=\"https:\/\/tplust.pl\/kursy-jezykowe-zagranica\/obozy-mlodziezowe\/\" \/>\n<meta property=\"og:site_name\" content=\"Kursy i obozy j\u0119zykowe za granic\u0105\" \/>\n<meta property=\"article:publisher\" content=\"https:\/\/www.facebook.com\/TplusT\/\" \/>\n<meta property=\"article:modified_time\" content=\"2020-03-12T06:42:45+00:00\" \/>\n<meta property=\"og:image\" content=\"https:\/\/tplust.pl\/kursy-jezykowe-zagranica\/wp-content\/uploads\/sites\/3\/2020\/03\/USA-Los-Angeles-SC-angielski-dorosli-002a.jpg\" \/>\n\t<meta property=\"og:image:width\" content=\"600\" \/>\n\t<meta property=\"og:image:height\" content=\"400\" \/>\n\t<meta property=\"og:image:type\" content=\"image\/jpeg\" \/>\n<meta name=\"twitter:card\" content=\"summary_large_image\" \/>\n<meta name=\"twitter:title\" content=\"Obozy m\u0142odzie\u017cowe | TplusT - Kursy i obozy j\u0119zykowe za granic\u0105\" \/>\n<meta name=\"twitter:description\" content=\"Organizujemy indywidualne wyjazdy za granic\u0119 na obozy j\u0119zykowe dla m\u0142odzie\u017cy. Wy\u0142\u0105cznie sprawdzone szko\u0142y. Zobacz przyk\u0142adow\u0105 ofert\u0119 oboz\u00f3w m\u0142odzie\u017cowych.\" \/>\n<meta name=\"twitter:image\" content=\"https:\/\/tplust.pl\/kursy-jezykowe-zagranica\/wp-content\/uploads\/sites\/3\/2020\/03\/USA-Los-Angeles-SC-angielski-dorosli-002a.jpg\" \/>\n<script type=\"application\/ld+json\" class=\"yoast-schema-graph\">{\"@context\":\"https:\/\/schema.org\",\"@graph\":[{\"@type\":\"WebPage\",\"@id\":\"https:\/\/tplust.pl\/kursy-jezykowe-zagranica\/obozy-mlodziezowe\/\",\"url\":\"https:\/\/tplust.pl\/kursy-jezykowe-zagranica\/obozy-mlodziezowe\/\",\"name\":\"Obozy m\u0142odzie\u017cowe | TplusT - Kursy i obozy j\u0119zykowe za granic\u0105\",\"isPartOf\":{\"@id\":\"https:\/\/tplust.pl\/kursy-jezykowe-zagranica\/#website\"},\"datePublished\":\"2020-01-03T07:58:35+00:00\",\"dateModified\":\"2020-03-12T06:42:45+00:00\",\"description\":\"Organizujemy indywidualne wyjazdy za granic\u0119 na obozy j\u0119zykowe dla m\u0142odzie\u017cy. Wy\u0142\u0105cznie sprawdzone szko\u0142y. Zobacz przyk\u0142adow\u0105 ofert\u0119 oboz\u00f3w m\u0142odzie\u017cowych.\",\"breadcrumb\":{\"@id\":\"https:\/\/tplust.pl\/kursy-jezykowe-zagranica\/obozy-mlodziezowe\/#breadcrumb\"},\"inLanguage\":\"pl-PL\",\"potentialAction\":[{\"@type\":\"ReadAction\",\"target\":[\"https:\/\/tplust.pl\/kursy-jezykowe-zagranica\/obozy-mlodziezowe\/\"]}]},{\"@type\":\"BreadcrumbList\",\"@id\":\"https:\/\/tplust.pl\/kursy-jezykowe-zagranica\/obozy-mlodziezowe\/#breadcrumb\",\"itemListElement\":[{\"@type\":\"ListItem\",\"position\":1,\"name\":\"Strona g\u0142\u00f3wna\",\"item\":\"https:\/\/tplust.pl\/kursy-jezykowe-zagranica\/\"},{\"@type\":\"ListItem\",\"position\":2,\"name\":\"Obozy m\u0142odzie\u017cowe\"}]},{\"@type\":\"WebSite\",\"@id\":\"https:\/\/tplust.pl\/kursy-jezykowe-zagranica\/#website\",\"url\":\"https:\/\/tplust.pl\/kursy-jezykowe-zagranica\/\",\"name\":\"Kursy i obozy j\u0119zykowe za granic\u0105\",\"description\":\"Zajmujemy si\u0119 indywidualn\u0105 organizacj\u0105 wyjazd\u00f3w j\u0119zykowych za granic\u0119 - dla m\u0142odzie\u017cy, rodzin i doros\u0142ych\",\"potentialAction\":[{\"@type\":\"SearchAction\",\"target\":{\"@type\":\"EntryPoint\",\"urlTemplate\":\"https:\/\/tplust.pl\/kursy-jezykowe-zagranica\/?s={search_term_string}\"},\"query-input\":\"required name=search_term_string\"}],\"inLanguage\":\"pl-PL\"}]}<\/script>\n<!-- \/ Yoast SEO plugin. -->","yoast_head_json":{"title":"Obozy m\u0142odzie\u017cowe | TplusT - Kursy i obozy j\u0119zykowe za granic\u0105","description":"Organizujemy indywidualne wyjazdy za granic\u0119 na obozy j\u0119zykowe dla m\u0142odzie\u017cy. Wy\u0142\u0105cznie sprawdzone szko\u0142y. Zobacz przyk\u0142adow\u0105 ofert\u0119 oboz\u00f3w m\u0142odzie\u017cowych.","robots":{"index":"index","follow":"follow","max-snippet":"max-snippet:-1","max-image-preview":"max-image-preview:large","max-video-preview":"max-video-preview:-1"},"canonical":"https:\/\/tplust.pl\/kursy-jezykowe-zagranica\/obozy-mlodziezowe\/","og_locale":"pl_PL","og_type":"article","og_title":"Obozy m\u0142odzie\u017cowe | TplusT - Kursy i obozy j\u0119zykowe za granic\u0105","og_description":"Organizujemy indywidualne wyjazdy za granic\u0119 na obozy j\u0119zykowe dla m\u0142odzie\u017cy. Wy\u0142\u0105cznie sprawdzone szko\u0142y. Zobacz przyk\u0142adow\u0105 ofert\u0119 oboz\u00f3w m\u0142odzie\u017cowych.","og_url":"https:\/\/tplust.pl\/kursy-jezykowe-zagranica\/obozy-mlodziezowe\/","og_site_name":"Kursy i obozy j\u0119zykowe za granic\u0105","article_publisher":"https:\/\/www.facebook.com\/TplusT\/","article_modified_time":"2020-03-12T06:42:45+00:00","og_image":[{"width":600,"height":400,"url":"https:\/\/tplust.pl\/kursy-jezykowe-zagranica\/wp-content\/uploads\/sites\/3\/2020\/03\/USA-Los-Angeles-SC-angielski-dorosli-002a.jpg","type":"image\/jpeg"}],"twitter_card":"summary_large_image","twitter_title":"Obozy m\u0142odzie\u017cowe | TplusT - Kursy i obozy j\u0119zykowe za granic\u0105","twitter_description":"Organizujemy indywidualne wyjazdy za granic\u0119 na obozy j\u0119zykowe dla m\u0142odzie\u017cy. Wy\u0142\u0105cznie sprawdzone szko\u0142y. Zobacz przyk\u0142adow\u0105 ofert\u0119 oboz\u00f3w m\u0142odzie\u017cowych.","twitter_image":"https:\/\/tplust.pl\/kursy-jezykowe-zagranica\/wp-content\/uploads\/sites\/3\/2020\/03\/USA-Los-Angeles-SC-angielski-dorosli-002a.jpg","schema":{"@context":"https:\/\/schema.org","@graph":[{"@type":"WebPage","@id":"https:\/\/tplust.pl\/kursy-jezykowe-zagranica\/obozy-mlodziezowe\/","url":"https:\/\/tplust.pl\/kursy-jezykowe-zagranica\/obozy-mlodziezowe\/","name":"Obozy m\u0142odzie\u017cowe | TplusT - Kursy i obozy j\u0119zykowe za granic\u0105","isPartOf":{"@id":"https:\/\/tplust.pl\/kursy-jezykowe-zagranica\/#website"},"datePublished":"2020-01-03T07:58:35+00:00","dateModified":"2020-03-12T06:42:45+00:00","description":"Organizujemy indywidualne wyjazdy za granic\u0119 na obozy j\u0119zykowe dla m\u0142odzie\u017cy. Wy\u0142\u0105cznie sprawdzone szko\u0142y. Zobacz przyk\u0142adow\u0105 ofert\u0119 oboz\u00f3w m\u0142odzie\u017cowych.","breadcrumb":{"@id":"https:\/\/tplust.pl\/kursy-jezykowe-zagranica\/obozy-mlodziezowe\/#breadcrumb"},"inLanguage":"pl-PL","potentialAction":[{"@type":"ReadAction","target":["https:\/\/tplust.pl\/kursy-jezykowe-zagranica\/obozy-mlodziezowe\/"]}]},{"@type":"BreadcrumbList","@id":"https:\/\/tplust.pl\/kursy-jezykowe-zagranica\/obozy-mlodziezowe\/#breadcrumb","itemListElement":[{"@type":"ListItem","position":1,"name":"Strona g\u0142\u00f3wna","item":"https:\/\/tplust.pl\/kursy-jezykowe-zagranica\/"},{"@type":"ListItem","position":2,"name":"Obozy m\u0142odzie\u017cowe"}]},{"@type":"WebSite","@id":"https:\/\/tplust.pl\/kursy-jezykowe-zagranica\/#website","url":"https:\/\/tplust.pl\/kursy-jezykowe-zagranica\/","name":"Kursy i obozy j\u0119zykowe za granic\u0105","description":"Zajmujemy si\u0119 indywidualn\u0105 organizacj\u0105 wyjazd\u00f3w j\u0119zykowych za granic\u0119 - dla m\u0142odzie\u017cy, rodzin i doros\u0142ych","potentialAction":[{"@type":"SearchAction","target":{"@type":"EntryPoint","urlTemplate":"https:\/\/tplust.pl\/kursy-jezykowe-zagranica\/?s={search_term_string}"},"query-input":"required name=search_term_string"}],"inLanguage":"pl-PL"}]}},"acf":[],"_links":{"self":[{"href":"https:\/\/tplust.pl\/kursy-jezykowe-zagranica\/wp-json\/wp\/v2\/pages\/6086"}],"collection":[{"href":"https:\/\/tplust.pl\/kursy-jezykowe-zagranica\/wp-json\/wp\/v2\/pages"}],"about":[{"href":"https:\/\/tplust.pl\/kursy-jezykowe-zagranica\/wp-json\/wp\/v2\/types\/page"}],"author":[{"embeddable":true,"href":"https:\/\/tplust.pl\/kursy-jezykowe-zagranica\/wp-json\/wp\/v2\/users\/6"}],"replies":[{"embeddable":true,"href":"https:\/\/tplust.pl\/kursy-jezykowe-zagranica\/wp-json\/wp\/v2\/comments?post=6086"}],"version-history":[{"count":4,"href":"https:\/\/tplust.pl\/kursy-jezykowe-zagranica\/wp-json\/wp\/v2\/pages\/6086\/revisions"}],"predecessor-version":[{"id":8169,"href":"https:\/\/tplust.pl\/kursy-jezykowe-zagranica\/wp-json\/wp\/v2\/pages\/6086\/revisions\/8169"}],"wp:attachment":[{"href":"https:\/\/tplust.pl\/kursy-jezykowe-zagranica\/wp-json\/wp\/v2\/media?parent=6086"}],"curies":[{"name":"wp","href":"https:\/\/api.w.org\/{rel}","templated":true}]}}