{"id":7332,"date":"2020-02-05T13:18:20","date_gmt":"2020-02-05T12:18:20","guid":{"rendered":"https:\/\/tplust.pl\/kursy-jezykowe-zagranica\/?page_id=7332"},"modified":"2020-02-10T13:17:20","modified_gmt":"2020-02-10T12:17:20","slug":"wyjazdy-premium-dla-doroslych","status":"publish","type":"page","link":"https:\/\/tplust.pl\/kursy-jezykowe-zagranica\/wyjazdy-premium\/wyjazdy-premium-dla-doroslych\/","title":{"rendered":"Wyjazdy premium dla doros\u0142ych"},"content":{"rendered":"<div class=\"wpb-content-wrapper\"><p>[vc_row el_class=&#8221;tagi-container&#8221;][vc_column][vc_wp_tagcloud title=&#8221;&#8221; taxonomy=&#8221;post_tag&#8221; el_class=&#8221;oferty-tagi&#8221;][\/vc_column][\/vc_row][vc_row][vc_column][vc_raw_html]JTVCbGlzdGFfb2ZlcnQlMjBjYXRlZ29yeSUzRCUyMld5amF6ZHklMjBwcmVtaXVtJTIwZGxhJTIwZG9yb3MlQzUlODJ5Y2glMjIlNUQ=[\/vc_raw_html][\/vc_column][\/vc_row]<\/p>\n<\/div>","protected":false},"excerpt":{"rendered":"<p>[vc_row el_class=&#8221;tagi-container&#8221;][vc_column][vc_wp_tagcloud title=&#8221;&#8221; taxonomy=&#8221;post_tag&#8221; el_class=&#8221;oferty-tagi&#8221;][\/vc_column][\/vc_row][vc_row][vc_column][vc_raw_html]JTVCbGlzdGFfb2ZlcnQlMjBjYXRlZ29yeSUzRCUyMld5amF6ZHklMjBwcmVtaXVtJTIwZGxhJTIwZG9yb3MlQzUlODJ5Y2glMjIlNUQ=[\/vc_raw_html][\/vc_column][\/vc_row]<\/p>\n","protected":false},"author":6,"featured_media":0,"parent":6094,"menu_order":0,"comment_status":"closed","ping_status":"closed","template":"","meta":[],"yoast_head":"<!-- This site is optimized with the Yoast SEO plugin v19.14 - https:\/\/yoast.com\/wordpress\/plugins\/seo\/ -->\n<title>Wyjazdy premium dla doros\u0142ych - Kursy i obozy j\u0119zykowe za granic\u0105<\/title>\n<meta name=\"description\" content=\"Organizujemy zagraniczne wyjazdy j\u0119zykowe premium dla os\u00f3b doros\u0142ych: kursy specjalistyczne, intensywne, 1:1. Sprawd\u017a nasz\u0105 ofert\u0119 wyjazd\u00f3w premium\" \/>\n<meta name=\"robots\" content=\"index, follow, max-snippet:-1, max-image-preview:large, max-video-preview:-1\" \/>\n<link rel=\"canonical\" href=\"https:\/\/tplust.pl\/kursy-jezykowe-zagranica\/wyjazdy-premium\/wyjazdy-premium-dla-doroslych\/\" \/>\n<meta property=\"og:locale\" content=\"pl_PL\" \/>\n<meta property=\"og:type\" content=\"article\" \/>\n<meta property=\"og:title\" content=\"Wyjazdy premium dla doros\u0142ych - Kursy i obozy j\u0119zykowe za granic\u0105\" \/>\n<meta property=\"og:description\" content=\"Organizujemy zagraniczne wyjazdy j\u0119zykowe premium dla os\u00f3b doros\u0142ych: kursy specjalistyczne, intensywne, 1:1. Sprawd\u017a nasz\u0105 ofert\u0119 wyjazd\u00f3w premium\" \/>\n<meta property=\"og:url\" content=\"https:\/\/tplust.pl\/kursy-jezykowe-zagranica\/wyjazdy-premium\/wyjazdy-premium-dla-doroslych\/\" \/>\n<meta property=\"og:site_name\" content=\"Kursy i obozy j\u0119zykowe za granic\u0105\" \/>\n<meta property=\"article:publisher\" content=\"https:\/\/www.facebook.com\/TplusT\/\" \/>\n<meta property=\"article:modified_time\" content=\"2020-02-10T12:17:20+00:00\" \/>\n<meta name=\"twitter:card\" content=\"summary_large_image\" \/>\n<script type=\"application\/ld+json\" class=\"yoast-schema-graph\">{\"@context\":\"https:\/\/schema.org\",\"@graph\":[{\"@type\":\"WebPage\",\"@id\":\"https:\/\/tplust.pl\/kursy-jezykowe-zagranica\/wyjazdy-premium\/wyjazdy-premium-dla-doroslych\/\",\"url\":\"https:\/\/tplust.pl\/kursy-jezykowe-zagranica\/wyjazdy-premium\/wyjazdy-premium-dla-doroslych\/\",\"name\":\"Wyjazdy premium dla doros\u0142ych - Kursy i obozy j\u0119zykowe za granic\u0105\",\"isPartOf\":{\"@id\":\"https:\/\/tplust.pl\/kursy-jezykowe-zagranica\/#website\"},\"datePublished\":\"2020-02-05T12:18:20+00:00\",\"dateModified\":\"2020-02-10T12:17:20+00:00\",\"description\":\"Organizujemy zagraniczne wyjazdy j\u0119zykowe premium dla os\u00f3b doros\u0142ych: kursy specjalistyczne, intensywne, 1:1. Sprawd\u017a nasz\u0105 ofert\u0119 wyjazd\u00f3w premium\",\"breadcrumb\":{\"@id\":\"https:\/\/tplust.pl\/kursy-jezykowe-zagranica\/wyjazdy-premium\/wyjazdy-premium-dla-doroslych\/#breadcrumb\"},\"inLanguage\":\"pl-PL\",\"potentialAction\":[{\"@type\":\"ReadAction\",\"target\":[\"https:\/\/tplust.pl\/kursy-jezykowe-zagranica\/wyjazdy-premium\/wyjazdy-premium-dla-doroslych\/\"]}]},{\"@type\":\"BreadcrumbList\",\"@id\":\"https:\/\/tplust.pl\/kursy-jezykowe-zagranica\/wyjazdy-premium\/wyjazdy-premium-dla-doroslych\/#breadcrumb\",\"itemListElement\":[{\"@type\":\"ListItem\",\"position\":1,\"name\":\"Strona g\u0142\u00f3wna\",\"item\":\"https:\/\/tplust.pl\/kursy-jezykowe-zagranica\/\"},{\"@type\":\"ListItem\",\"position\":2,\"name\":\"Wyjazdy premium\",\"item\":\"https:\/\/tplust.pl\/kursy-jezykowe-zagranica\/wyjazdy-premium\/\"},{\"@type\":\"ListItem\",\"position\":3,\"name\":\"Wyjazdy premium dla doros\u0142ych\"}]},{\"@type\":\"WebSite\",\"@id\":\"https:\/\/tplust.pl\/kursy-jezykowe-zagranica\/#website\",\"url\":\"https:\/\/tplust.pl\/kursy-jezykowe-zagranica\/\",\"name\":\"Kursy i obozy j\u0119zykowe za granic\u0105\",\"description\":\"Zajmujemy si\u0119 indywidualn\u0105 organizacj\u0105 wyjazd\u00f3w j\u0119zykowych za granic\u0119 - dla m\u0142odzie\u017cy, rodzin i doros\u0142ych\",\"potentialAction\":[{\"@type\":\"SearchAction\",\"target\":{\"@type\":\"EntryPoint\",\"urlTemplate\":\"https:\/\/tplust.pl\/kursy-jezykowe-zagranica\/?s={search_term_string}\"},\"query-input\":\"required name=search_term_string\"}],\"inLanguage\":\"pl-PL\"}]}<\/script>\n<!-- \/ Yoast SEO plugin. -->","yoast_head_json":{"title":"Wyjazdy premium dla doros\u0142ych - Kursy i obozy j\u0119zykowe za granic\u0105","description":"Organizujemy zagraniczne wyjazdy j\u0119zykowe premium dla os\u00f3b doros\u0142ych: kursy specjalistyczne, intensywne, 1:1. Sprawd\u017a nasz\u0105 ofert\u0119 wyjazd\u00f3w premium","robots":{"index":"index","follow":"follow","max-snippet":"max-snippet:-1","max-image-preview":"max-image-preview:large","max-video-preview":"max-video-preview:-1"},"canonical":"https:\/\/tplust.pl\/kursy-jezykowe-zagranica\/wyjazdy-premium\/wyjazdy-premium-dla-doroslych\/","og_locale":"pl_PL","og_type":"article","og_title":"Wyjazdy premium dla doros\u0142ych - Kursy i obozy j\u0119zykowe za granic\u0105","og_description":"Organizujemy zagraniczne wyjazdy j\u0119zykowe premium dla os\u00f3b doros\u0142ych: kursy specjalistyczne, intensywne, 1:1. Sprawd\u017a nasz\u0105 ofert\u0119 wyjazd\u00f3w premium","og_url":"https:\/\/tplust.pl\/kursy-jezykowe-zagranica\/wyjazdy-premium\/wyjazdy-premium-dla-doroslych\/","og_site_name":"Kursy i obozy j\u0119zykowe za granic\u0105","article_publisher":"https:\/\/www.facebook.com\/TplusT\/","article_modified_time":"2020-02-10T12:17:20+00:00","twitter_card":"summary_large_image","schema":{"@context":"https:\/\/schema.org","@graph":[{"@type":"WebPage","@id":"https:\/\/tplust.pl\/kursy-jezykowe-zagranica\/wyjazdy-premium\/wyjazdy-premium-dla-doroslych\/","url":"https:\/\/tplust.pl\/kursy-jezykowe-zagranica\/wyjazdy-premium\/wyjazdy-premium-dla-doroslych\/","name":"Wyjazdy premium dla doros\u0142ych - Kursy i obozy j\u0119zykowe za granic\u0105","isPartOf":{"@id":"https:\/\/tplust.pl\/kursy-jezykowe-zagranica\/#website"},"datePublished":"2020-02-05T12:18:20+00:00","dateModified":"2020-02-10T12:17:20+00:00","description":"Organizujemy zagraniczne wyjazdy j\u0119zykowe premium dla os\u00f3b doros\u0142ych: kursy specjalistyczne, intensywne, 1:1. Sprawd\u017a nasz\u0105 ofert\u0119 wyjazd\u00f3w premium","breadcrumb":{"@id":"https:\/\/tplust.pl\/kursy-jezykowe-zagranica\/wyjazdy-premium\/wyjazdy-premium-dla-doroslych\/#breadcrumb"},"inLanguage":"pl-PL","potentialAction":[{"@type":"ReadAction","target":["https:\/\/tplust.pl\/kursy-jezykowe-zagranica\/wyjazdy-premium\/wyjazdy-premium-dla-doroslych\/"]}]},{"@type":"BreadcrumbList","@id":"https:\/\/tplust.pl\/kursy-jezykowe-zagranica\/wyjazdy-premium\/wyjazdy-premium-dla-doroslych\/#breadcrumb","itemListElement":[{"@type":"ListItem","position":1,"name":"Strona g\u0142\u00f3wna","item":"https:\/\/tplust.pl\/kursy-jezykowe-zagranica\/"},{"@type":"ListItem","position":2,"name":"Wyjazdy premium","item":"https:\/\/tplust.pl\/kursy-jezykowe-zagranica\/wyjazdy-premium\/"},{"@type":"ListItem","position":3,"name":"Wyjazdy premium dla doros\u0142ych"}]},{"@type":"WebSite","@id":"https:\/\/tplust.pl\/kursy-jezykowe-zagranica\/#website","url":"https:\/\/tplust.pl\/kursy-jezykowe-zagranica\/","name":"Kursy i obozy j\u0119zykowe za granic\u0105","description":"Zajmujemy si\u0119 indywidualn\u0105 organizacj\u0105 wyjazd\u00f3w j\u0119zykowych za granic\u0119 - dla m\u0142odzie\u017cy, rodzin i doros\u0142ych","potentialAction":[{"@type":"SearchAction","target":{"@type":"EntryPoint","urlTemplate":"https:\/\/tplust.pl\/kursy-jezykowe-zagranica\/?s={search_term_string}"},"query-input":"required name=search_term_string"}],"inLanguage":"pl-PL"}]}},"acf":[],"_links":{"self":[{"href":"https:\/\/tplust.pl\/kursy-jezykowe-zagranica\/wp-json\/wp\/v2\/pages\/7332"}],"collection":[{"href":"https:\/\/tplust.pl\/kursy-jezykowe-zagranica\/wp-json\/wp\/v2\/pages"}],"about":[{"href":"https:\/\/tplust.pl\/kursy-jezykowe-zagranica\/wp-json\/wp\/v2\/types\/page"}],"author":[{"embeddable":true,"href":"https:\/\/tplust.pl\/kursy-jezykowe-zagranica\/wp-json\/wp\/v2\/users\/6"}],"replies":[{"embeddable":true,"href":"https:\/\/tplust.pl\/kursy-jezykowe-zagranica\/wp-json\/wp\/v2\/comments?post=7332"}],"version-history":[{"count":2,"href":"https:\/\/tplust.pl\/kursy-jezykowe-zagranica\/wp-json\/wp\/v2\/pages\/7332\/revisions"}],"predecessor-version":[{"id":7346,"href":"https:\/\/tplust.pl\/kursy-jezykowe-zagranica\/wp-json\/wp\/v2\/pages\/7332\/revisions\/7346"}],"up":[{"embeddable":true,"href":"https:\/\/tplust.pl\/kursy-jezykowe-zagranica\/wp-json\/wp\/v2\/pages\/6094"}],"wp:attachment":[{"href":"https:\/\/tplust.pl\/kursy-jezykowe-zagranica\/wp-json\/wp\/v2\/media?parent=7332"}],"curies":[{"name":"wp","href":"https:\/\/api.w.org\/{rel}","templated":true}]}}